{"id":168,"date":"2017-09-18T07:49:04","date_gmt":"2017-09-18T12:49:04","guid":{"rendered":"https:\/\/www.vincentp145.sg-host.com\/?page_id=168"},"modified":"2022-10-27T09:11:00","modified_gmt":"2022-10-27T14:11:00","slug":"cartouches-dencre-recyclees","status":"publish","type":"page","link":"https:\/\/dpitech.ca\/fr\/produits\/cartouches-dencre-recyclees\/","title":{"rendered":"Cartouches d&rsquo;encre recycl\u00e9es"},"content":{"rendered":"<div id=\"cs-content\" class=\"cs-content\"><\/div>\n","protected":false},"excerpt":{"rendered":"<p>Cartouches d&rsquo;encre recycl\u00e9esDPI Technologies emprunte la voie \u00e9cologique en vous offrant des cartouches d\u2019encre laser recycl\u00e9es. En utilisant ces cartouches, vous obtiendrez la m\u00eame qualit\u00e9 d\u2019impression qu\u2019avec des cartouches originales tout en \u00e9conomisant et en posant un geste concret envers l\u2019environnement.Avantages DPIGarantie d\u2019un an contre les d\u00e9fectuosit\u00e9sLivraison gratuite (le lendemain)Cartouches de premi\u00e8re qualit\u00e9 seulementProduits recycl\u00e9s au Qu\u00e9becCE255X Marque : fuzion &#8230; <\/p>\n<div><a href=\"https:\/\/dpitech.ca\/fr\/produits\/cartouches-dencre-recyclees\/\" class=\"more-link\">Read More<\/a><\/div>\n","protected":false},"author":1,"featured_media":0,"parent":89,"menu_order":0,"comment_status":"closed","ping_status":"closed","template":"template-blank-4.php","meta":{"footnotes":""},"class_list":["post-168","page","type-page","status-publish","hentry","no-post-thumbnail"],"_links":{"self":[{"href":"https:\/\/dpitech.ca\/fr\/wp-json\/wp\/v2\/pages\/168","targetHints":{"allow":["GET"]}}],"collection":[{"href":"https:\/\/dpitech.ca\/fr\/wp-json\/wp\/v2\/pages"}],"about":[{"href":"https:\/\/dpitech.ca\/fr\/wp-json\/wp\/v2\/types\/page"}],"author":[{"embeddable":true,"href":"https:\/\/dpitech.ca\/fr\/wp-json\/wp\/v2\/users\/1"}],"replies":[{"embeddable":true,"href":"https:\/\/dpitech.ca\/fr\/wp-json\/wp\/v2\/comments?post=168"}],"version-history":[{"count":12,"href":"https:\/\/dpitech.ca\/fr\/wp-json\/wp\/v2\/pages\/168\/revisions"}],"predecessor-version":[{"id":7394,"href":"https:\/\/dpitech.ca\/fr\/wp-json\/wp\/v2\/pages\/168\/revisions\/7394"}],"up":[{"embeddable":true,"href":"https:\/\/dpitech.ca\/fr\/wp-json\/wp\/v2\/pages\/89"}],"wp:attachment":[{"href":"https:\/\/dpitech.ca\/fr\/wp-json\/wp\/v2\/media?parent=168"}],"curies":[{"name":"wp","href":"https:\/\/api.w.org\/{rel}","templated":true}]}}